{"id":11,"date":"2016-05-17T15:21:46","date_gmt":"2016-05-17T13:21:46","guid":{"rendered":"http:\/\/detlef-winterberg.de\/wp\/?page_id=11"},"modified":"2020-01-23T18:33:30","modified_gmt":"2020-01-23T17:33:30","slug":"regie","status":"publish","type":"page","link":"https:\/\/detlef-winterberg.de\/wp\/regie\/regie\/","title":{"rendered":"Regie"},"content":{"rendered":"<figure id=\"attachment_210\" aria-describedby=\"caption-attachment-210\" style=\"width: 460px\" class=\"wp-caption alignnone\"><img loading=\"lazy\" decoding=\"async\" class=\" wp-image-210\" src=\"https:\/\/detlef-winterberg.de\/wp\/wp-content\/uploads\/2016\/05\/Hintergrund-Shows-f\u00fcr-Events-und-Variet\u00e8-300x224.jpg\" alt=\"Hannover, La f\u00eate (Foto Frank Wilde)\" width=\"460\" height=\"344\" srcset=\"https:\/\/detlef-winterberg.de\/wp\/wp-content\/uploads\/2016\/05\/Hintergrund-Shows-f\u00fcr-Events-und-Variet\u00e8-300x224.jpg 300w, https:\/\/detlef-winterberg.de\/wp\/wp-content\/uploads\/2016\/05\/Hintergrund-Shows-f\u00fcr-Events-und-Variet\u00e8-768x573.jpg 768w, https:\/\/detlef-winterberg.de\/wp\/wp-content\/uploads\/2016\/05\/Hintergrund-Shows-f\u00fcr-Events-und-Variet\u00e8-1024x765.jpg 1024w, https:\/\/detlef-winterberg.de\/wp\/wp-content\/uploads\/2016\/05\/Hintergrund-Shows-f\u00fcr-Events-und-Variet\u00e8-1200x896.jpg 1200w\" sizes=\"auto, (max-width: 460px) 100vw, 460px\" \/><figcaption id=\"caption-attachment-210\" class=\"wp-caption-text\">Hannover, La f\u00eate (Foto Frank Wilde)<\/figcaption><\/figure>\n<p>Detlef Winterberg hat in den letzten Jahren viele erfolgreiche Shows inszeniert, die f\u00fcr gro\u00dfe Begeisterung sorgten. Sowohl im Event &#8211; als auch\u00a0 in Variet\u00e8s, wie das\u201eEt Cetera\u201c Variet\u00e8 in Bochum, Da Capo in Darmstadt und die GOP Variet\u00e8 H\u00e4user in Hannover, M\u00fcnster, Essen Bad Oeynhausen, Bonn, Bremen und M\u00fcnchen.<\/p>\n<p>&nbsp;<\/p>\n<div class=\"lyte-wrapper\" style=\"width:853px;max-width:100%;margin:5px;\"><div class=\"lyMe hidef\" id=\"WYL_fo3GlpwSJ6s\"><div id=\"lyte_fo3GlpwSJ6s\" data-src=\"https:\/\/detlef-winterberg.de\/wp\/wp-content\/plugins\/wp-youtube-lyte\/lyteCache.php?origThumbUrl=%2F%2Fi.ytimg.com%2Fvi%2Ffo3GlpwSJ6s%2Fmaxresdefault.jpg\" class=\"pL\"><div class=\"tC\"><div class=\"tT\"><\/div><\/div><div class=\"play\"><\/div><div class=\"ctrl\"><div class=\"Lctrl\"><\/div><div class=\"Rctrl\"><\/div><\/div><\/div><noscript><a href=\"https:\/\/youtu.be\/fo3GlpwSJ6s\" rel=\"nofollow\"><img loading=\"lazy\" decoding=\"async\" src=\"https:\/\/detlef-winterberg.de\/wp\/wp-content\/plugins\/wp-youtube-lyte\/lyteCache.php?origThumbUrl=https%3A%2F%2Fi.ytimg.com%2Fvi%2Ffo3GlpwSJ6s%2F0.jpg\" alt=\"YouTube-Video-Vorschaubild\" width=\"853\" height=\"460\" \/><br \/>Dieses Video auf YouTube ansehen<\/a><\/noscript><\/div><\/div><div class=\"lL\" style=\"max-width:100%;width:853px;margin:5px;\"><\/div><\/p>\n<p>Der Wahl &#8211; F\u00fcssener\u00a0 baut schnell und zuverl\u00e4ssig aus einer Vorlage eine komplette Show auf. Und erkennt, wie einzelne Darbietungen zu wirken haben. Jede noch so aussergew\u00f6hnliche Idee wird in die Tat umgesetzt. Detlef Winterberg, versteht es, alle verschiedene Komponente, wie Lichtdesign, Sound, B\u00fchnenbild, Tanzchoreografien, Moderation, Darbietungen, Story \/ Thema und Dramaturgie zu ein einheitliches Ganzes zusammen zustellen.<\/p>\n<p><img loading=\"lazy\" decoding=\"async\" class=\"alignnone wp-image-232\" src=\"https:\/\/detlef-winterberg.de\/wp\/wp-content\/uploads\/2016\/05\/GOP_SC_img_die-grosse-coperlin-show_teaser_360x246-300x205.jpg\" alt=\"gop_sc_img_die-grosse-coperlin-show_teaser_360x246\" width=\"394\" height=\"269\" srcset=\"https:\/\/detlef-winterberg.de\/wp\/wp-content\/uploads\/2016\/05\/GOP_SC_img_die-grosse-coperlin-show_teaser_360x246-300x205.jpg 300w, https:\/\/detlef-winterberg.de\/wp\/wp-content\/uploads\/2016\/05\/GOP_SC_img_die-grosse-coperlin-show_teaser_360x246.jpg 360w\" sizes=\"auto, (max-width: 394px) 100vw, 394px\" \/><\/p>\n<div class=\"lyte-wrapper\" style=\"width:853px;max-width:100%;margin:5px;\"><div class=\"lyMe hidef\" id=\"WYL_v7y_ygdRMSg\"><div id=\"lyte_v7y_ygdRMSg\" data-src=\"https:\/\/detlef-winterberg.de\/wp\/wp-content\/plugins\/wp-youtube-lyte\/lyteCache.php?origThumbUrl=%2F%2Fi.ytimg.com%2Fvi%2Fv7y_ygdRMSg%2Fmaxresdefault.jpg\" class=\"pL\"><div class=\"tC\"><div class=\"tT\"><\/div><\/div><div class=\"play\"><\/div><div class=\"ctrl\"><div class=\"Lctrl\"><\/div><div class=\"Rctrl\"><\/div><\/div><\/div><noscript><a href=\"https:\/\/youtu.be\/v7y_ygdRMSg\" rel=\"nofollow\"><img loading=\"lazy\" decoding=\"async\" src=\"https:\/\/detlef-winterberg.de\/wp\/wp-content\/plugins\/wp-youtube-lyte\/lyteCache.php?origThumbUrl=https%3A%2F%2Fi.ytimg.com%2Fvi%2Fv7y_ygdRMSg%2F0.jpg\" alt=\"YouTube-Video-Vorschaubild\" width=\"853\" height=\"460\" \/><br \/>Dieses Video auf YouTube ansehen<\/a><\/noscript><\/div><\/div><div class=\"lL\" style=\"max-width:100%;width:853px;margin:5px;\"><\/div><\/p>\n<p>&nbsp;<\/p>\n<p><img loading=\"lazy\" decoding=\"async\" class=\"alignnone size-medium wp-image-267\" src=\"https:\/\/detlef-winterberg.de\/wp\/wp-content\/uploads\/2018\/07\/GOP_SC_img_freaks_teaser_360x246-300x205.jpg\" alt=\"\" width=\"300\" height=\"205\" srcset=\"https:\/\/detlef-winterberg.de\/wp\/wp-content\/uploads\/2018\/07\/GOP_SC_img_freaks_teaser_360x246-300x205.jpg 300w, https:\/\/detlef-winterberg.de\/wp\/wp-content\/uploads\/2018\/07\/GOP_SC_img_freaks_teaser_360x246.jpg 360w\" sizes=\"auto, (max-width: 300px) 100vw, 300px\" \/><\/p>\n<div class=\"lyte-wrapper\" style=\"width:853px;max-width:100%;margin:5px;\"><div class=\"lyMe hidef\" id=\"WYL_u91CdhC3ANU\"><div id=\"lyte_u91CdhC3ANU\" data-src=\"https:\/\/detlef-winterberg.de\/wp\/wp-content\/plugins\/wp-youtube-lyte\/lyteCache.php?origThumbUrl=%2F%2Fi.ytimg.com%2Fvi%2Fu91CdhC3ANU%2Fmaxresdefault.jpg\" class=\"pL\"><div class=\"tC\"><div class=\"tT\"><\/div><\/div><div class=\"play\"><\/div><div class=\"ctrl\"><div class=\"Lctrl\"><\/div><div class=\"Rctrl\"><\/div><\/div><\/div><noscript><a href=\"https:\/\/youtu.be\/u91CdhC3ANU\" rel=\"nofollow\"><img loading=\"lazy\" decoding=\"async\" src=\"https:\/\/detlef-winterberg.de\/wp\/wp-content\/plugins\/wp-youtube-lyte\/lyteCache.php?origThumbUrl=https%3A%2F%2Fi.ytimg.com%2Fvi%2Fu91CdhC3ANU%2F0.jpg\" alt=\"YouTube-Video-Vorschaubild\" width=\"853\" height=\"460\" \/><br \/>Dieses Video auf YouTube ansehen<\/a><\/noscript><\/div><\/div><div class=\"lL\" style=\"max-width:100%;width:853px;margin:5px;\"><\/div><\/p>\n<p>Aktueller Spielort GOP Bonn M\u00e4rz\/ April 2020, GOP M\u00fcnchen Mai\/ Juni 2020<\/p>\n<p><img loading=\"lazy\" decoding=\"async\" class=\"alignnone wp-image-2628\" src=\"https:\/\/detlef-winterberg.de\/wp\/wp-content\/uploads\/2020\/01\/FtgQ7wP7QmiU8XnzaTog_thumb_529d-189x300.jpg\" alt=\"\" width=\"240\" height=\"381\" srcset=\"https:\/\/detlef-winterberg.de\/wp\/wp-content\/uploads\/2020\/01\/FtgQ7wP7QmiU8XnzaTog_thumb_529d-189x300.jpg 189w, https:\/\/detlef-winterberg.de\/wp\/wp-content\/uploads\/2020\/01\/FtgQ7wP7QmiU8XnzaTog_thumb_529d-644x1024.jpg 644w, https:\/\/detlef-winterberg.de\/wp\/wp-content\/uploads\/2020\/01\/FtgQ7wP7QmiU8XnzaTog_thumb_529d.jpg 703w\" sizes=\"auto, (max-width: 240px) 100vw, 240px\" \/>\u00a0 \u00a0 \u00a0\u00a0<span style=\"font-size: 24pt; font-family: impact, sans-serif;\">Vampire<\/span><\/p>\n<p>Da Capo Dinner Show in Darmstadt. Wintershow 2019\/20<\/p>\n<p>Eine Auswahl der Inszenierungen gibt es <a href=\"https:\/\/detlef-winterberg.de\/wp\/regie\/vita-shows\/\">hier<\/a> zu sehen.<\/p>\n","protected":false},"excerpt":{"rendered":"<p>Detlef Winterberg hat in den letzten Jahren viele erfolgreiche Shows inszeniert, die f\u00fcr gro\u00dfe Begeisterung sorgten. Sowohl im Event &#8211; als auch\u00a0 in Variet\u00e8s, wie das\u201eEt Cetera\u201c Variet\u00e8 in Bochum, Da Capo in Darmstadt und die GOP Variet\u00e8 H\u00e4user in Hannover, M\u00fcnster, Essen Bad Oeynhausen, Bonn, Bremen und M\u00fcnchen. &nbsp; Dieses Video auf YouTube ansehen [&hellip;]<\/p>\n","protected":false},"author":1,"featured_media":0,"parent":9,"menu_order":0,"comment_status":"closed","ping_status":"closed","template":"","meta":{"footnotes":""},"class_list":["post-11","page","type-page","status-publish","hentry"],"_links":{"self":[{"href":"https:\/\/detlef-winterberg.de\/wp\/wp-json\/wp\/v2\/pages\/11","targetHints":{"allow":["GET"]}}],"collection":[{"href":"https:\/\/detlef-winterberg.de\/wp\/wp-json\/wp\/v2\/pages"}],"about":[{"href":"https:\/\/detlef-winterberg.de\/wp\/wp-json\/wp\/v2\/types\/page"}],"author":[{"embeddable":true,"href":"https:\/\/detlef-winterberg.de\/wp\/wp-json\/wp\/v2\/users\/1"}],"replies":[{"embeddable":true,"href":"https:\/\/detlef-winterberg.de\/wp\/wp-json\/wp\/v2\/comments?post=11"}],"version-history":[{"count":9,"href":"https:\/\/detlef-winterberg.de\/wp\/wp-json\/wp\/v2\/pages\/11\/revisions"}],"predecessor-version":[{"id":2673,"href":"https:\/\/detlef-winterberg.de\/wp\/wp-json\/wp\/v2\/pages\/11\/revisions\/2673"}],"up":[{"embeddable":true,"href":"https:\/\/detlef-winterberg.de\/wp\/wp-json\/wp\/v2\/pages\/9"}],"wp:attachment":[{"href":"https:\/\/detlef-winterberg.de\/wp\/wp-json\/wp\/v2\/media?parent=11"}],"curies":[{"name":"wp","href":"https:\/\/api.w.org\/{rel}","templated":true}]}}