{"id":27,"date":"2016-05-17T15:23:49","date_gmt":"2016-05-17T13:23:49","guid":{"rendered":"http:\/\/detlef-winterberg.de\/wp\/?page_id=27"},"modified":"2020-11-25T15:38:15","modified_gmt":"2020-11-25T14:38:15","slug":"massarbeit","status":"publish","type":"page","link":"https:\/\/detlef-winterberg.de\/wp\/massarbeit\/","title":{"rendered":"Sketche und St\u00fccke nach Ma\u00df"},"content":{"rendered":"<p>Auf Wunsch schreibt Winterberg Sketche, Theaterst\u00fccke f\u00fcr Kinder und Erwachsene, Musicals und Konzepte f\u00fcr Variet\u00e8 Show. Es k\u00f6nnen gerne Leseproben von schon vorhanden St\u00fccken angefordert werden. Zum Beispiel:<\/p>\n<p>Kom\u00f6die f\u00fcr 4 Personen, &#8222;Das Gruselhaus von Lisa Schmaus&#8220;<\/p>\n<p>Jugend Theaterst\u00fcck f\u00fcr Schulen zum Thema Ern\u00e4hrung: &#8222;All you can Eat&#8220;<\/p>\n<p>Kinder Theaterst\u00fcck f\u00fcr 2 Personen:&#8220; Tischlein deck dich&#8220;<\/p>\n<p>Jugend Musical: &#8222;Zu lange unter Palmen&#8220;<\/p>\n<p>Jugend Musical: &#8222;Ferror City &#8211; Stadt ohne Erwachsene&#8220;<\/p>\n<p>Comedy Show f\u00fcr 2 Personen zum Thema Fussball WM: &#8222;Wir haben fertig&#8220;<\/p>\n<p>Konzept Show f\u00fcr Varietes: Vampire, Rockstar, Wunderbar, La Fete, etc.<\/p>\n","protected":false},"excerpt":{"rendered":"<p>Auf Wunsch schreibt Winterberg Sketche, Theaterst\u00fccke f\u00fcr Kinder und Erwachsene, Musicals und Konzepte f\u00fcr Variet\u00e8 Show. Es k\u00f6nnen gerne Leseproben von schon vorhanden St\u00fccken angefordert werden. Zum Beispiel: Kom\u00f6die f\u00fcr 4 Personen, &#8222;Das Gruselhaus von Lisa Schmaus&#8220; Jugend Theaterst\u00fcck f\u00fcr Schulen zum Thema Ern\u00e4hrung: &#8222;All you can Eat&#8220; Kinder Theaterst\u00fcck f\u00fcr 2 Personen:&#8220; Tischlein deck [&hellip;]<\/p>\n","protected":false},"author":1,"featured_media":0,"parent":0,"menu_order":0,"comment_status":"closed","ping_status":"closed","template":"","meta":{"footnotes":""},"class_list":["post-27","page","type-page","status-publish","hentry"],"_links":{"self":[{"href":"https:\/\/detlef-winterberg.de\/wp\/wp-json\/wp\/v2\/pages\/27","targetHints":{"allow":["GET"]}}],"collection":[{"href":"https:\/\/detlef-winterberg.de\/wp\/wp-json\/wp\/v2\/pages"}],"about":[{"href":"https:\/\/detlef-winterberg.de\/wp\/wp-json\/wp\/v2\/types\/page"}],"author":[{"embeddable":true,"href":"https:\/\/detlef-winterberg.de\/wp\/wp-json\/wp\/v2\/users\/1"}],"replies":[{"embeddable":true,"href":"https:\/\/detlef-winterberg.de\/wp\/wp-json\/wp\/v2\/comments?post=27"}],"version-history":[{"count":9,"href":"https:\/\/detlef-winterberg.de\/wp\/wp-json\/wp\/v2\/pages\/27\/revisions"}],"predecessor-version":[{"id":3351,"href":"https:\/\/detlef-winterberg.de\/wp\/wp-json\/wp\/v2\/pages\/27\/revisions\/3351"}],"wp:attachment":[{"href":"https:\/\/detlef-winterberg.de\/wp\/wp-json\/wp\/v2\/media?parent=27"}],"curies":[{"name":"wp","href":"https:\/\/api.w.org\/{rel}","templated":true}]}}